{"id":973,"date":"2026-01-08T09:58:15","date_gmt":"2026-01-08T08:58:15","guid":{"rendered":"https:\/\/myrtoskitchen.previewmysite.online\/?post_type=product&#038;p=973"},"modified":"2026-01-08T10:26:26","modified_gmt":"2026-01-08T09:26:26","slug":"cuina-saludable-per-a-tota-la-setmana","status":"publish","type":"product","link":"https:\/\/myrtoskitchen.previewmysite.online\/index.php\/product\/cuina-saludable-per-a-tota-la-setmana\/","title":{"rendered":"Cuina saludable per a tota la setmana"},"content":{"rendered":"<p>Data i hora:<br \/>\nDilluns, 26 de gener a les 19:45<br \/>\nDurada:<br \/>\n1h 15 min<br \/>\nPreu:<br \/>\n20 \u20ac<br \/>\nVols menjar m\u00e9s saludable, per\u00f2 no saps per on comen\u00e7ar? Necessites inspiraci\u00f3 per planificar els teus \u00e0pats de la setmana? Aquest taller t\u2019ajudar\u00e0 a cuinar de manera f\u00e0cil, nutritiva i deliciosa.<br \/>\nEl taller inclou:<br \/>\n\u2022\tClasse en directe per Zoom, amb demostraci\u00f3 de cuina que podr\u00e0s seguir pas a pas<br \/>\n\u2022\tDossier amb m\u00e9s de 20 receptes que podr\u00e0s fer a casa<br \/>\n\u2022\tAcc\u00e9s a la gravaci\u00f3 de la classe per repassar-la quan vulguis<br \/>\n\u2022\tSeguiment i consells addicionals via correu electr\u00f2nic durant un mes<br \/>\nUn taller pr\u00e0ctic i divertit, pensat per organitzar la teva cuina, descobrir noves idees i gaudir de plats saludables tota la setmana.<\/p>\n","protected":false},"excerpt":{"rendered":"<p>Data i hora: Dilluns, 26 de gener a les 19:45 Durada: 1h 15 min Preu: 20 \u20ac Vols menjar m\u00e9s saludable, per\u00f2 no saps per on comen\u00e7ar? Necessites inspiraci\u00f3 per planificar els teus \u00e0pats de la setmana? Aquest taller t\u2019ajudar\u00e0 a cuinar de manera f\u00e0cil, nutritiva i deliciosa. El taller inclou: \u2022 Classe en directe [&hellip;]<\/p>\n","protected":false},"featured_media":0,"comment_status":"open","ping_status":"closed","template":"","meta":[],"product_brand":[],"product_cat":[60],"product_tag":[],"class_list":{"0":"post-973","1":"product","2":"type-product","3":"status-publish","5":"product_cat-uncategorized","7":"first","8":"instock","9":"shipping-taxable","10":"purchasable","11":"product-type-simple"},"_links":{"self":[{"href":"https:\/\/myrtoskitchen.previewmysite.online\/index.php\/wp-json\/wp\/v2\/product\/973","targetHints":{"allow":["GET"]}}],"collection":[{"href":"https:\/\/myrtoskitchen.previewmysite.online\/index.php\/wp-json\/wp\/v2\/product"}],"about":[{"href":"https:\/\/myrtoskitchen.previewmysite.online\/index.php\/wp-json\/wp\/v2\/types\/product"}],"replies":[{"embeddable":true,"href":"https:\/\/myrtoskitchen.previewmysite.online\/index.php\/wp-json\/wp\/v2\/comments?post=973"}],"wp:attachment":[{"href":"https:\/\/myrtoskitchen.previewmysite.online\/index.php\/wp-json\/wp\/v2\/media?parent=973"}],"wp:term":[{"taxonomy":"product_brand","embeddable":true,"href":"https:\/\/myrtoskitchen.previewmysite.online\/index.php\/wp-json\/wp\/v2\/product_brand?post=973"},{"taxonomy":"product_cat","embeddable":true,"href":"https:\/\/myrtoskitchen.previewmysite.online\/index.php\/wp-json\/wp\/v2\/product_cat?post=973"},{"taxonomy":"product_tag","embeddable":true,"href":"https:\/\/myrtoskitchen.previewmysite.online\/index.php\/wp-json\/wp\/v2\/product_tag?post=973"}],"curies":[{"name":"wp","href":"https:\/\/api.w.org\/{rel}","templated":true}]}}